{"id":436,"date":"2025-05-22T13:37:24","date_gmt":"2025-05-22T13:37:24","guid":{"rendered":"http:\/\/casadodesassossego.pt\/?page_id=436"},"modified":"2025-06-27T10:56:49","modified_gmt":"2025-06-27T10:56:49","slug":"politica-de-privacidade-e-de-protecao-de-dados-pessoais","status":"publish","type":"page","link":"https:\/\/casadodesassossego.pt\/index.php\/politica-de-privacidade-e-de-protecao-de-dados-pessoais\/","title":{"rendered":"Pol\u00edtica de Privacidade e de Prote\u00e7\u00e3o de Dados Pessoais"},"content":{"rendered":"\n<p class=\"has-text-align-left\">Declaro para os efeitos previstos no disposto no art.\u00ba 13.\u00ba do Regulamento Geral de Prote\u00e7\u00e3o de Dados (EU)2016\/679<br>do P. E. e do Conselho de 27 de abril (RGPD) prestar, por este meio, o meu consentimento para o tratamento dos<br>meus dados pessoais \u00e0 Atmosfera Cl\u00e1ssica, Lda, Pessoa Coletiva n.\u00ba 514688653, com sede em Lugar da Portela,<br>4950-717, Riba de Mouro, Mon\u00e7\u00e3o.<\/p>\n\n\n\n<p class=\"has-text-align-left\">Li e aceito a Pol\u00edtica de Privacidade e de Prote\u00e7\u00e3o de Dados pessoais e autorizo a Atmosfera Cl\u00e1ssica,<br>Lda a:<\/p>\n\n\n\n<p>Fornecer os meus dados, sem preju\u00edzo da sua confidencialidade, assegurando uma utiliza\u00e7\u00e3o em<br>fun\u00e7\u00e3o do objecto social desta empresa e compat\u00edvel com os fins da recolha.<\/p>\n\n\n\n<p>Os dados transmitidos a Atmosfera Cl\u00e1ssica, Lda, por esta s\u00e3o incorporados e tratados num ficheiro da<br>sua responsabilidade, tendo como \u00fanico fim a gest\u00e3o dos servi\u00e7os solicitados pelo cliente, por<br>forma a cumprir as exig\u00eancias legais aplic\u00e1veis.<\/p>\n\n\n\n<p>Autorizo o tratamento dos referidos dados e aceito o acesso aos mesmos, pelos colaboradores da<br>Atmosfera Cl\u00e1ssica, Lda que desenvolvam qualquer das atividades necess\u00e1rias para a presta\u00e7\u00e3o e<br>promo\u00e7\u00e3o do servi\u00e7o.<\/p>\n\n\n\n<p>Tenho conhecimento que sou livre de fornecer ou n\u00e3o as informa\u00e7\u00f5es solicitadas e de autorizar ou<br>n\u00e3o o seu tratamento, quando submeto um formul\u00e1rio devidamente preenchido.<\/p>\n\n\n\n<p>Aceito que n\u00e3o fornecendo todas as informa\u00e7\u00f5es solicitadas, a Atmosfera Cl\u00e1ssica, Lda poder\u00e1 n\u00e3o<br>prestar-me o servi\u00e7o ou vender o bem, ou conseguir o correto funcionamento de algumas<br>funcionalidades presentes e\/ou futuras no portal, bem como efic\u00e1cia de um o posterior envio,<br>tratamento inform\u00e1tico, consulta ou contacto.<\/p>\n\n\n\n<p>Tenho conhecimento que tenho o direito de retirar o meu consentimento a qualquer momento, n\u00e3o<br>comprometendo nesse caso, a licitude do tratamento efetuado com base no consentimento<br>previamente dado.<\/p>\n","protected":false},"excerpt":{"rendered":"<p>Declaro para os efeitos previstos no disposto no art.\u00ba 13.\u00ba do Regulamento Geral de Prote\u00e7\u00e3o de Dados (EU)2016\/679do P. E. e do Conselho de 27 de abril (RGPD) prestar, por este meio, o meu consentimento para o tratamento dosmeus dados pessoais \u00e0 Atmosfera Cl\u00e1ssica, Lda, Pessoa Coletiva n.\u00ba 514688653, com sede em Lugar da Portela,4950-717, &#8230;<\/p>\n","protected":false},"author":1,"featured_media":0,"parent":0,"menu_order":0,"comment_status":"closed","ping_status":"closed","template":"","meta":{"_glsr_average":0,"_glsr_ranking":0,"_glsr_reviews":0,"cozystay_single_page_hide_site_header":"","cozystay_single_page_site_header_source":"","cozystay_single_page_custom_site_header":"0","cozystay_single_page_custom_sticky_site_header":"0","cozystay_single_page_hide_page_title":"","cozystay_single_page_header_section_size":"","cozystay_single_page_header_background_color":"","cozystay_single_page_header_background_position_x":"center","cozystay_single_page_header_background_position_y":"center","cozystay_single_page_header_background_size":"cover","cozystay_single_page_header_background_repeat":"off","cozystay_single_page_header_background_scroll":"on","cozystay_single_page_header_text_color":"","cozystay_single_page_header_show_breadcrumb":"","cozystay_single_page_site_footer_hide_main":"","cozystay_single_custom_site_footer_main_source":"","cozystay_single_custom_site_footer_main":"0","cozystay_single_page_site_footer_hide_above":"","cozystay_single_custom_site_footer_above_source":"","cozystay_single_custom_site_footer_above":"0","cozystay_single_page_site_footer_hide_instagram":"","cozystay_single_page_site_footer_hide_bottom":"","cozystay_single_custom_mobile_menu_source":"","cozystay_single_custom_mobile_menu":"0","cozystay_single_custom_mobile_menu_animation":"","cozystay_single_custom_mobile_menu_width":"","cozystay_single_custom_mobile_menu_custom_width":375,"footnotes":""},"class_list":["post-436","page","type-page","status-publish","hentry"],"yoast_head":"<!-- This site is optimized with the Yoast SEO plugin v27.4 - https:\/\/yoast.com\/product\/yoast-seo-wordpress\/ -->\n<title>Pol\u00edtica de Privacidade e de Prote\u00e7\u00e3o de Dados Pessoais -<\/title>\n<meta name=\"robots\" content=\"index, follow, max-snippet:-1, max-image-preview:large, max-video-preview:-1\" \/>\n<link rel=\"canonical\" href=\"https:\/\/casadodesassossego.pt\/index.php\/politica-de-privacidade-e-de-protecao-de-dados-pessoais\/\" \/>\n<meta property=\"og:locale\" content=\"pt_PT\" \/>\n<meta property=\"og:type\" content=\"article\" \/>\n<meta property=\"og:title\" content=\"Pol\u00edtica de Privacidade e de Prote\u00e7\u00e3o de Dados Pessoais -\" \/>\n<meta property=\"og:description\" content=\"Declaro para os efeitos previstos no disposto no art.\u00ba 13.\u00ba do Regulamento Geral de Prote\u00e7\u00e3o de Dados (EU)2016\/679do P. E. e do Conselho de 27 de abril (RGPD) prestar, por este meio, o meu consentimento para o tratamento dosmeus dados pessoais \u00e0 Atmosfera Cl\u00e1ssica, Lda, Pessoa Coletiva n.\u00ba 514688653, com sede em Lugar da Portela,4950-717, ...\" \/>\n<meta property=\"og:url\" content=\"https:\/\/casadodesassossego.pt\/index.php\/politica-de-privacidade-e-de-protecao-de-dados-pessoais\/\" \/>\n<meta property=\"article:modified_time\" content=\"2025-06-27T10:56:49+00:00\" \/>\n<meta name=\"twitter:card\" content=\"summary_large_image\" \/>\n<meta name=\"twitter:label1\" content=\"Tempo estimado de leitura\" \/>\n\t<meta name=\"twitter:data1\" content=\"1 minuto\" \/>\n<script type=\"application\/ld+json\" class=\"yoast-schema-graph\">{\"@context\":\"https:\\\/\\\/schema.org\",\"@graph\":[{\"@type\":\"WebPage\",\"@id\":\"https:\\\/\\\/casadodesassossego.pt\\\/index.php\\\/politica-de-privacidade-e-de-protecao-de-dados-pessoais\\\/\",\"url\":\"https:\\\/\\\/casadodesassossego.pt\\\/index.php\\\/politica-de-privacidade-e-de-protecao-de-dados-pessoais\\\/\",\"name\":\"Pol\u00edtica de Privacidade e de Prote\u00e7\u00e3o de Dados Pessoais -\",\"isPartOf\":{\"@id\":\"https:\\\/\\\/casadodesassossego.pt\\\/#website\"},\"datePublished\":\"2025-05-22T13:37:24+00:00\",\"dateModified\":\"2025-06-27T10:56:49+00:00\",\"breadcrumb\":{\"@id\":\"https:\\\/\\\/casadodesassossego.pt\\\/index.php\\\/politica-de-privacidade-e-de-protecao-de-dados-pessoais\\\/#breadcrumb\"},\"inLanguage\":\"pt-PT\",\"potentialAction\":[{\"@type\":\"ReadAction\",\"target\":[\"https:\\\/\\\/casadodesassossego.pt\\\/index.php\\\/politica-de-privacidade-e-de-protecao-de-dados-pessoais\\\/\"]}]},{\"@type\":\"BreadcrumbList\",\"@id\":\"https:\\\/\\\/casadodesassossego.pt\\\/index.php\\\/politica-de-privacidade-e-de-protecao-de-dados-pessoais\\\/#breadcrumb\",\"itemListElement\":[{\"@type\":\"ListItem\",\"position\":1,\"name\":\"Home\",\"item\":\"https:\\\/\\\/casadodesassossego.pt\\\/\"},{\"@type\":\"ListItem\",\"position\":2,\"name\":\"Pol\u00edtica de Privacidade e de Prote\u00e7\u00e3o de Dados Pessoais\"}]},{\"@type\":\"WebSite\",\"@id\":\"https:\\\/\\\/casadodesassossego.pt\\\/#website\",\"url\":\"https:\\\/\\\/casadodesassossego.pt\\\/\",\"name\":\"\",\"description\":\"\",\"potentialAction\":[{\"@type\":\"SearchAction\",\"target\":{\"@type\":\"EntryPoint\",\"urlTemplate\":\"https:\\\/\\\/casadodesassossego.pt\\\/?s={search_term_string}\"},\"query-input\":{\"@type\":\"PropertyValueSpecification\",\"valueRequired\":true,\"valueName\":\"search_term_string\"}}],\"inLanguage\":\"pt-PT\"}]}<\/script>\n<!-- \/ Yoast SEO plugin. -->","yoast_head_json":{"title":"Pol\u00edtica de Privacidade e de Prote\u00e7\u00e3o de Dados Pessoais -","robots":{"index":"index","follow":"follow","max-snippet":"max-snippet:-1","max-image-preview":"max-image-preview:large","max-video-preview":"max-video-preview:-1"},"canonical":"https:\/\/casadodesassossego.pt\/index.php\/politica-de-privacidade-e-de-protecao-de-dados-pessoais\/","og_locale":"pt_PT","og_type":"article","og_title":"Pol\u00edtica de Privacidade e de Prote\u00e7\u00e3o de Dados Pessoais -","og_description":"Declaro para os efeitos previstos no disposto no art.\u00ba 13.\u00ba do Regulamento Geral de Prote\u00e7\u00e3o de Dados (EU)2016\/679do P. E. e do Conselho de 27 de abril (RGPD) prestar, por este meio, o meu consentimento para o tratamento dosmeus dados pessoais \u00e0 Atmosfera Cl\u00e1ssica, Lda, Pessoa Coletiva n.\u00ba 514688653, com sede em Lugar da Portela,4950-717, ...","og_url":"https:\/\/casadodesassossego.pt\/index.php\/politica-de-privacidade-e-de-protecao-de-dados-pessoais\/","article_modified_time":"2025-06-27T10:56:49+00:00","twitter_card":"summary_large_image","twitter_misc":{"Tempo estimado de leitura":"1 minuto"},"schema":{"@context":"https:\/\/schema.org","@graph":[{"@type":"WebPage","@id":"https:\/\/casadodesassossego.pt\/index.php\/politica-de-privacidade-e-de-protecao-de-dados-pessoais\/","url":"https:\/\/casadodesassossego.pt\/index.php\/politica-de-privacidade-e-de-protecao-de-dados-pessoais\/","name":"Pol\u00edtica de Privacidade e de Prote\u00e7\u00e3o de Dados Pessoais -","isPartOf":{"@id":"https:\/\/casadodesassossego.pt\/#website"},"datePublished":"2025-05-22T13:37:24+00:00","dateModified":"2025-06-27T10:56:49+00:00","breadcrumb":{"@id":"https:\/\/casadodesassossego.pt\/index.php\/politica-de-privacidade-e-de-protecao-de-dados-pessoais\/#breadcrumb"},"inLanguage":"pt-PT","potentialAction":[{"@type":"ReadAction","target":["https:\/\/casadodesassossego.pt\/index.php\/politica-de-privacidade-e-de-protecao-de-dados-pessoais\/"]}]},{"@type":"BreadcrumbList","@id":"https:\/\/casadodesassossego.pt\/index.php\/politica-de-privacidade-e-de-protecao-de-dados-pessoais\/#breadcrumb","itemListElement":[{"@type":"ListItem","position":1,"name":"Home","item":"https:\/\/casadodesassossego.pt\/"},{"@type":"ListItem","position":2,"name":"Pol\u00edtica de Privacidade e de Prote\u00e7\u00e3o de Dados Pessoais"}]},{"@type":"WebSite","@id":"https:\/\/casadodesassossego.pt\/#website","url":"https:\/\/casadodesassossego.pt\/","name":"","description":"","potentialAction":[{"@type":"SearchAction","target":{"@type":"EntryPoint","urlTemplate":"https:\/\/casadodesassossego.pt\/?s={search_term_string}"},"query-input":{"@type":"PropertyValueSpecification","valueRequired":true,"valueName":"search_term_string"}}],"inLanguage":"pt-PT"}]}},"_links":{"self":[{"href":"https:\/\/casadodesassossego.pt\/index.php\/wp-json\/wp\/v2\/pages\/436","targetHints":{"allow":["GET"]}}],"collection":[{"href":"https:\/\/casadodesassossego.pt\/index.php\/wp-json\/wp\/v2\/pages"}],"about":[{"href":"https:\/\/casadodesassossego.pt\/index.php\/wp-json\/wp\/v2\/types\/page"}],"author":[{"embeddable":true,"href":"https:\/\/casadodesassossego.pt\/index.php\/wp-json\/wp\/v2\/users\/1"}],"replies":[{"embeddable":true,"href":"https:\/\/casadodesassossego.pt\/index.php\/wp-json\/wp\/v2\/comments?post=436"}],"version-history":[{"count":3,"href":"https:\/\/casadodesassossego.pt\/index.php\/wp-json\/wp\/v2\/pages\/436\/revisions"}],"predecessor-version":[{"id":805,"href":"https:\/\/casadodesassossego.pt\/index.php\/wp-json\/wp\/v2\/pages\/436\/revisions\/805"}],"wp:attachment":[{"href":"https:\/\/casadodesassossego.pt\/index.php\/wp-json\/wp\/v2\/media?parent=436"}],"curies":[{"name":"wp","href":"https:\/\/api.w.org\/{rel}","templated":true}]}}