{"id":633,"date":"2025-06-18T15:28:57","date_gmt":"2025-06-18T15:28:57","guid":{"rendered":"http:\/\/casadodesassossego.pt\/?page_id=633"},"modified":"2025-06-27T09:17:14","modified_gmt":"2025-06-27T09:17:14","slug":"moncao-melgaco-territorio-do-alvarinho","status":"publish","type":"page","link":"https:\/\/casadodesassossego.pt\/index.php\/moncao-melgaco-territorio-do-alvarinho\/","title":{"rendered":"Mon\u00e7\u00e3o &amp; Melga\u00e7o | Territ\u00f3rio do Alvarinho"},"content":{"rendered":"<div class=\"wp-block-image\">\n<figure class=\"aligncenter size-large\"><img fetchpriority=\"high\" decoding=\"async\" width=\"1024\" height=\"576\" src=\"http:\/\/casadodesassossego.pt\/wp-content\/uploads\/2025\/06\/alvarinho-1024x576.jpeg\" alt=\"\" class=\"wp-image-748\" srcset=\"https:\/\/casadodesassossego.pt\/wp-content\/uploads\/2025\/06\/alvarinho-1024x576.jpeg 1024w, https:\/\/casadodesassossego.pt\/wp-content\/uploads\/2025\/06\/alvarinho-150x84.jpeg 150w, https:\/\/casadodesassossego.pt\/wp-content\/uploads\/2025\/06\/alvarinho-600x338.jpeg 600w, https:\/\/casadodesassossego.pt\/wp-content\/uploads\/2025\/06\/alvarinho-300x169.jpeg 300w, https:\/\/casadodesassossego.pt\/wp-content\/uploads\/2025\/06\/alvarinho-768x432.jpeg 768w, https:\/\/casadodesassossego.pt\/wp-content\/uploads\/2025\/06\/alvarinho.jpeg 1125w\" sizes=\"(max-width: 1024px) 100vw, 1024px\" \/><\/figure>\n<\/div>\n\n<div class=\"wp-block-image\">\n<figure class=\"aligncenter size-full\"><img decoding=\"async\" width=\"737\" height=\"837\" src=\"http:\/\/casadodesassossego.pt\/wp-content\/uploads\/2025\/06\/alvarinho.png\" alt=\"\" class=\"wp-image-724\" srcset=\"https:\/\/casadodesassossego.pt\/wp-content\/uploads\/2025\/06\/alvarinho.png 737w, https:\/\/casadodesassossego.pt\/wp-content\/uploads\/2025\/06\/alvarinho-132x150.png 132w, https:\/\/casadodesassossego.pt\/wp-content\/uploads\/2025\/06\/alvarinho-600x681.png 600w, https:\/\/casadodesassossego.pt\/wp-content\/uploads\/2025\/06\/alvarinho-264x300.png 264w\" sizes=\"(max-width: 737px) 100vw, 737px\" \/><\/figure>\n<\/div>\n\n<div class=\"wpforms-container wpforms-container-full wpforms-block wpforms-block-a31908b1-857f-46b1-bea5-4fe0f670f743 wpforms-render-modern\" id=\"wpforms-573\"><form id=\"wpforms-form-573\" class=\"wpforms-validate wpforms-form wpforms-ajax-form\" data-formid=\"573\" method=\"post\" enctype=\"multipart\/form-data\" action=\"\/index.php\/wp-json\/wp\/v2\/pages\/633\" data-token=\"dd32f9ba5ddb70d5d7306995877a765c\" data-token-time=\"1776284330\"><noscript class=\"wpforms-error-noscript\">Please enable JavaScript in your browser to complete this form.<\/noscript><div id=\"wpforms-error-noscript\" style=\"display: none;\">Please enable JavaScript in your browser to complete this form.<\/div><div class=\"wpforms-field-container\"><div id=\"wpforms-573-field_1-container\" class=\"wpforms-field wpforms-field-name\" data-field-id=\"1\"><fieldset><legend class=\"wpforms-field-label\">Nome <span class=\"wpforms-required-label\" aria-hidden=\"true\">*<\/span><\/legend><div class=\"wpforms-field-row wpforms-field-medium\"><div class=\"wpforms-field-row-block wpforms-first wpforms-one-half\"><input type=\"text\" id=\"wpforms-573-field_1\" class=\"wpforms-field-name-first wpforms-field-required\" name=\"wpforms[fields][1][first]\" aria-errormessage=\"wpforms-573-field_1-error\" required><label for=\"wpforms-573-field_1\" class=\"wpforms-field-sublabel after\">First<\/label><\/div><div class=\"wpforms-field-row-block wpforms-one-half\"><input type=\"text\" id=\"wpforms-573-field_1-last\" class=\"wpforms-field-name-last wpforms-field-required\" name=\"wpforms[fields][1][last]\" aria-errormessage=\"wpforms-573-field_1-last-error\" required><label for=\"wpforms-573-field_1-last\" class=\"wpforms-field-sublabel after\">Last<\/label><\/div><\/div><\/fieldset><\/div><div id=\"wpforms-573-field_2-container\" class=\"wpforms-field wpforms-field-email\" data-field-id=\"2\"><label class=\"wpforms-field-label\" for=\"wpforms-573-field_2\">Email <span class=\"wpforms-required-label\" aria-hidden=\"true\">*<\/span><\/label><input type=\"email\" id=\"wpforms-573-field_2\" class=\"wpforms-field-medium wpforms-field-required\" name=\"wpforms[fields][2]\" spellcheck=\"false\" aria-errormessage=\"wpforms-573-field_2-error\" required><\/div><div id=\"wpforms-573-field_3-container\" class=\"wpforms-field wpforms-field-number\" data-field-id=\"3\"><label class=\"wpforms-field-label\" for=\"wpforms-573-field_3\">Telefone <span class=\"wpforms-required-label\" aria-hidden=\"true\">*<\/span><\/label><input type=\"number\" id=\"wpforms-573-field_3\" class=\"wpforms-field-medium wpforms-field-required\" name=\"wpforms[fields][3]\" step=\"any\" aria-errormessage=\"wpforms-573-field_3-error\" required><\/div>\t\t<div id=\"wpforms-573-field_6-container\"\n\t\t\tclass=\"wpforms-field wpforms-field-text\"\n\t\t\tdata-field-type=\"text\"\n\t\t\tdata-field-id=\"6\"\n\t\t\t>\n\t\t\t<label class=\"wpforms-field-label\" for=\"wpforms-573-field_6\" >Nome N\u00ba Escolha<\/label>\n\t\t\t<input type=\"text\" id=\"wpforms-573-field_6\" class=\"wpforms-field-medium\" name=\"wpforms[fields][6]\" >\n\t\t<\/div>\n\t\t<div id=\"wpforms-573-field_9-container\" class=\"wpforms-field wpforms-field-text\" data-field-id=\"9\"><label class=\"wpforms-field-label\" for=\"wpforms-573-field_9\">Data da Atividade <span class=\"wpforms-required-label\" aria-hidden=\"true\">*<\/span><\/label><input type=\"text\" id=\"wpforms-573-field_9\" class=\"wpforms-field-medium wpforms-field-required\" name=\"wpforms[fields][9]\" value=\"15\/04\/2026\" aria-errormessage=\"wpforms-573-field_9-error\" required><\/div><div id=\"wpforms-573-field_4-container\" class=\"wpforms-field wpforms-field-radio\" data-field-id=\"4\"><fieldset><legend class=\"wpforms-field-label\">N\u00ba de Pessoas <span class=\"wpforms-required-label\" aria-hidden=\"true\">*<\/span><\/legend><ul id=\"wpforms-573-field_4\" class=\"wpforms-field-required\"><li class=\"choice-8 depth-1\"><input type=\"radio\" id=\"wpforms-573-field_4_8\" name=\"wpforms[fields][4]\" value=\"1\" aria-errormessage=\"wpforms-573-field_4_8-error\" required ><label class=\"wpforms-field-label-inline\" for=\"wpforms-573-field_4_8\">1<\/label><\/li><li class=\"choice-1 depth-1\"><input type=\"radio\" id=\"wpforms-573-field_4_1\" name=\"wpforms[fields][4]\" value=\"2\" aria-errormessage=\"wpforms-573-field_4_1-error\" required ><label class=\"wpforms-field-label-inline\" for=\"wpforms-573-field_4_1\">2<\/label><\/li><li class=\"choice-2 depth-1\"><input type=\"radio\" id=\"wpforms-573-field_4_2\" name=\"wpforms[fields][4]\" value=\"3\" aria-errormessage=\"wpforms-573-field_4_2-error\" required ><label class=\"wpforms-field-label-inline\" for=\"wpforms-573-field_4_2\">3<\/label><\/li><li class=\"choice-3 depth-1\"><input type=\"radio\" id=\"wpforms-573-field_4_3\" name=\"wpforms[fields][4]\" value=\"4\" aria-errormessage=\"wpforms-573-field_4_3-error\" required ><label class=\"wpforms-field-label-inline\" for=\"wpforms-573-field_4_3\">4<\/label><\/li><li class=\"choice-4 depth-1\"><input type=\"radio\" id=\"wpforms-573-field_4_4\" name=\"wpforms[fields][4]\" value=\"5\" aria-errormessage=\"wpforms-573-field_4_4-error\" required ><label class=\"wpforms-field-label-inline\" for=\"wpforms-573-field_4_4\">5<\/label><\/li><li class=\"choice-5 depth-1\"><input type=\"radio\" id=\"wpforms-573-field_4_5\" name=\"wpforms[fields][4]\" value=\"6\" aria-errormessage=\"wpforms-573-field_4_5-error\" required ><label class=\"wpforms-field-label-inline\" for=\"wpforms-573-field_4_5\">6<\/label><\/li><li class=\"choice-6 depth-1\"><input type=\"radio\" id=\"wpforms-573-field_4_6\" name=\"wpforms[fields][4]\" value=\"7\" aria-errormessage=\"wpforms-573-field_4_6-error\" required ><label class=\"wpforms-field-label-inline\" for=\"wpforms-573-field_4_6\">7<\/label><\/li><li class=\"choice-7 depth-1\"><input type=\"radio\" id=\"wpforms-573-field_4_7\" name=\"wpforms[fields][4]\" value=\"8\" aria-errormessage=\"wpforms-573-field_4_7-error\" required ><label class=\"wpforms-field-label-inline\" for=\"wpforms-573-field_4_7\">8<\/label><\/li><\/ul><\/fieldset><\/div><div id=\"wpforms-573-field_5-container\" class=\"wpforms-field wpforms-field-radio\" data-field-id=\"5\"><fieldset><legend class=\"wpforms-field-label\">Tour \u00e0 Escolha <span class=\"wpforms-required-label\" aria-hidden=\"true\">*<\/span><\/legend><ul id=\"wpforms-573-field_5\" class=\"wpforms-field-required\"><li class=\"choice-1 depth-1\"><input type=\"radio\" id=\"wpforms-573-field_5_1\" name=\"wpforms[fields][5]\" value=\"Tour Cl\u00e1ssico\" aria-errormessage=\"wpforms-573-field_5_1-error\" required ><label class=\"wpforms-field-label-inline\" for=\"wpforms-573-field_5_1\">Tour Cl\u00e1ssico<\/label><\/li><li class=\"choice-2 depth-1\"><input type=\"radio\" id=\"wpforms-573-field_5_2\" name=\"wpforms[fields][5]\" value=\"Tour Harmoniza\u00e7\u00e3o\" aria-errormessage=\"wpforms-573-field_5_2-error\" required ><label class=\"wpforms-field-label-inline\" for=\"wpforms-573-field_5_2\">Tour Harmoniza\u00e7\u00e3o<\/label><\/li><\/ul><\/fieldset><\/div><script>\n\t\t\t\t( function() {\n\t\t\t\t\tconst style = document.createElement( 'style' );\n\t\t\t\t\tstyle.appendChild( document.createTextNode( '#wpforms-573-field_6-container { position: absolute !important; overflow: hidden !important; display: inline !important; height: 1px !important; width: 1px !important; z-index: -1000 !important; padding: 0 !important; } #wpforms-573-field_6-container input { visibility: hidden; } #wpforms-conversational-form-page #wpforms-573-field_6-container label { counter-increment: none; }' ) );\n\t\t\t\t\tdocument.head.appendChild( style );\n\t\t\t\t\tdocument.currentScript?.remove();\n\t\t\t\t} )();\n\t\t\t<\/script><\/div><!-- .wpforms-field-container --><div class=\"wpforms-submit-container\" ><input type=\"hidden\" name=\"wpforms[id]\" value=\"573\"><input type=\"hidden\" name=\"page_title\" value=\"\"><input type=\"hidden\" name=\"page_url\" value=\"https:\/\/casadodesassossego.pt\/index.php\/wp-json\/wp\/v2\/pages\/633\"><input type=\"hidden\" name=\"url_referer\" value=\"\"><button type=\"submit\" name=\"wpforms[submit]\" id=\"wpforms-submit-573\" class=\"wpforms-submit\" data-alt-text=\"A Enviar\" data-submit-text=\"Submeter\" aria-live=\"assertive\" value=\"wpforms-submit\">Submeter<\/button><img decoding=\"async\" src=\"https:\/\/casadodesassossego.pt\/wp-content\/plugins\/wpforms-lite\/assets\/images\/submit-spin.svg\" class=\"wpforms-submit-spinner\" style=\"display: none;\" width=\"26\" height=\"26\" alt=\"Loading\"><\/div><\/form><\/div>  <!-- .wpforms-container -->","protected":false},"excerpt":{"rendered":"","protected":false},"author":1,"featured_media":0,"parent":0,"menu_order":0,"comment_status":"closed","ping_status":"closed","template":"","meta":{"_glsr_average":0,"_glsr_ranking":0,"_glsr_reviews":0,"cozystay_single_page_hide_site_header":"","cozystay_single_page_site_header_source":"","cozystay_single_page_custom_site_header":"0","cozystay_single_page_custom_sticky_site_header":"0","cozystay_single_page_hide_page_title":"","cozystay_single_page_header_section_size":"","cozystay_single_page_header_background_color":"","cozystay_single_page_header_background_position_x":"center","cozystay_single_page_header_background_position_y":"center","cozystay_single_page_header_background_size":"cover","cozystay_single_page_header_background_repeat":"off","cozystay_single_page_header_background_scroll":"on","cozystay_single_page_header_text_color":"","cozystay_single_page_header_show_breadcrumb":"","cozystay_single_page_site_footer_hide_main":"","cozystay_single_custom_site_footer_main_source":"","cozystay_single_custom_site_footer_main":"0","cozystay_single_page_site_footer_hide_above":"","cozystay_single_custom_site_footer_above_source":"","cozystay_single_custom_site_footer_above":"0","cozystay_single_page_site_footer_hide_instagram":"","cozystay_single_page_site_footer_hide_bottom":"","cozystay_single_custom_mobile_menu_source":"","cozystay_single_custom_mobile_menu":"0","cozystay_single_custom_mobile_menu_animation":"","cozystay_single_custom_mobile_menu_width":"","cozystay_single_custom_mobile_menu_custom_width":375,"footnotes":""},"class_list":["post-633","page","type-page","status-publish","hentry"],"yoast_head":"<!-- This site is optimized with the Yoast SEO plugin v27.4 - https:\/\/yoast.com\/product\/yoast-seo-wordpress\/ -->\n<title>Mon\u00e7\u00e3o &amp; Melga\u00e7o | Territ\u00f3rio do Alvarinho -<\/title>\n<meta name=\"robots\" content=\"index, follow, max-snippet:-1, max-image-preview:large, max-video-preview:-1\" \/>\n<link rel=\"canonical\" href=\"https:\/\/casadodesassossego.pt\/index.php\/moncao-melgaco-territorio-do-alvarinho\/\" \/>\n<meta property=\"og:locale\" content=\"pt_PT\" \/>\n<meta property=\"og:type\" content=\"article\" \/>\n<meta property=\"og:title\" content=\"Mon\u00e7\u00e3o &amp; Melga\u00e7o | Territ\u00f3rio do Alvarinho -\" \/>\n<meta property=\"og:url\" content=\"https:\/\/casadodesassossego.pt\/index.php\/moncao-melgaco-territorio-do-alvarinho\/\" \/>\n<meta property=\"article:modified_time\" content=\"2025-06-27T09:17:14+00:00\" \/>\n<meta property=\"og:image\" content=\"https:\/\/casadodesassossego.pt\/wp-content\/uploads\/2025\/06\/alvarinho.jpeg\" \/>\n\t<meta property=\"og:image:width\" content=\"1125\" \/>\n\t<meta property=\"og:image:height\" content=\"633\" \/>\n\t<meta property=\"og:image:type\" content=\"image\/jpeg\" \/>\n<meta name=\"twitter:card\" content=\"summary_large_image\" \/>\n<script type=\"application\/ld+json\" class=\"yoast-schema-graph\">{\"@context\":\"https:\\\/\\\/schema.org\",\"@graph\":[{\"@type\":\"WebPage\",\"@id\":\"https:\\\/\\\/casadodesassossego.pt\\\/index.php\\\/moncao-melgaco-territorio-do-alvarinho\\\/\",\"url\":\"https:\\\/\\\/casadodesassossego.pt\\\/index.php\\\/moncao-melgaco-territorio-do-alvarinho\\\/\",\"name\":\"Mon\u00e7\u00e3o &amp; Melga\u00e7o | Territ\u00f3rio do Alvarinho -\",\"isPartOf\":{\"@id\":\"https:\\\/\\\/casadodesassossego.pt\\\/#website\"},\"primaryImageOfPage\":{\"@id\":\"https:\\\/\\\/casadodesassossego.pt\\\/index.php\\\/moncao-melgaco-territorio-do-alvarinho\\\/#primaryimage\"},\"image\":{\"@id\":\"https:\\\/\\\/casadodesassossego.pt\\\/index.php\\\/moncao-melgaco-territorio-do-alvarinho\\\/#primaryimage\"},\"thumbnailUrl\":\"http:\\\/\\\/casadodesassossego.pt\\\/wp-content\\\/uploads\\\/2025\\\/06\\\/alvarinho-1024x576.jpeg\",\"datePublished\":\"2025-06-18T15:28:57+00:00\",\"dateModified\":\"2025-06-27T09:17:14+00:00\",\"breadcrumb\":{\"@id\":\"https:\\\/\\\/casadodesassossego.pt\\\/index.php\\\/moncao-melgaco-territorio-do-alvarinho\\\/#breadcrumb\"},\"inLanguage\":\"pt-PT\",\"potentialAction\":[{\"@type\":\"ReadAction\",\"target\":[\"https:\\\/\\\/casadodesassossego.pt\\\/index.php\\\/moncao-melgaco-territorio-do-alvarinho\\\/\"]}]},{\"@type\":\"ImageObject\",\"inLanguage\":\"pt-PT\",\"@id\":\"https:\\\/\\\/casadodesassossego.pt\\\/index.php\\\/moncao-melgaco-territorio-do-alvarinho\\\/#primaryimage\",\"url\":\"https:\\\/\\\/casadodesassossego.pt\\\/wp-content\\\/uploads\\\/2025\\\/06\\\/alvarinho.jpeg\",\"contentUrl\":\"https:\\\/\\\/casadodesassossego.pt\\\/wp-content\\\/uploads\\\/2025\\\/06\\\/alvarinho.jpeg\",\"width\":1125,\"height\":633},{\"@type\":\"BreadcrumbList\",\"@id\":\"https:\\\/\\\/casadodesassossego.pt\\\/index.php\\\/moncao-melgaco-territorio-do-alvarinho\\\/#breadcrumb\",\"itemListElement\":[{\"@type\":\"ListItem\",\"position\":1,\"name\":\"Home\",\"item\":\"https:\\\/\\\/casadodesassossego.pt\\\/\"},{\"@type\":\"ListItem\",\"position\":2,\"name\":\"Mon\u00e7\u00e3o &amp; Melga\u00e7o | Territ\u00f3rio do Alvarinho\"}]},{\"@type\":\"WebSite\",\"@id\":\"https:\\\/\\\/casadodesassossego.pt\\\/#website\",\"url\":\"https:\\\/\\\/casadodesassossego.pt\\\/\",\"name\":\"\",\"description\":\"\",\"potentialAction\":[{\"@type\":\"SearchAction\",\"target\":{\"@type\":\"EntryPoint\",\"urlTemplate\":\"https:\\\/\\\/casadodesassossego.pt\\\/?s={search_term_string}\"},\"query-input\":{\"@type\":\"PropertyValueSpecification\",\"valueRequired\":true,\"valueName\":\"search_term_string\"}}],\"inLanguage\":\"pt-PT\"}]}<\/script>\n<!-- \/ Yoast SEO plugin. -->","yoast_head_json":{"title":"Mon\u00e7\u00e3o &amp; Melga\u00e7o | Territ\u00f3rio do Alvarinho -","robots":{"index":"index","follow":"follow","max-snippet":"max-snippet:-1","max-image-preview":"max-image-preview:large","max-video-preview":"max-video-preview:-1"},"canonical":"https:\/\/casadodesassossego.pt\/index.php\/moncao-melgaco-territorio-do-alvarinho\/","og_locale":"pt_PT","og_type":"article","og_title":"Mon\u00e7\u00e3o &amp; Melga\u00e7o | Territ\u00f3rio do Alvarinho -","og_url":"https:\/\/casadodesassossego.pt\/index.php\/moncao-melgaco-territorio-do-alvarinho\/","article_modified_time":"2025-06-27T09:17:14+00:00","og_image":[{"width":1125,"height":633,"url":"https:\/\/casadodesassossego.pt\/wp-content\/uploads\/2025\/06\/alvarinho.jpeg","type":"image\/jpeg"}],"twitter_card":"summary_large_image","schema":{"@context":"https:\/\/schema.org","@graph":[{"@type":"WebPage","@id":"https:\/\/casadodesassossego.pt\/index.php\/moncao-melgaco-territorio-do-alvarinho\/","url":"https:\/\/casadodesassossego.pt\/index.php\/moncao-melgaco-territorio-do-alvarinho\/","name":"Mon\u00e7\u00e3o &amp; Melga\u00e7o | Territ\u00f3rio do Alvarinho -","isPartOf":{"@id":"https:\/\/casadodesassossego.pt\/#website"},"primaryImageOfPage":{"@id":"https:\/\/casadodesassossego.pt\/index.php\/moncao-melgaco-territorio-do-alvarinho\/#primaryimage"},"image":{"@id":"https:\/\/casadodesassossego.pt\/index.php\/moncao-melgaco-territorio-do-alvarinho\/#primaryimage"},"thumbnailUrl":"http:\/\/casadodesassossego.pt\/wp-content\/uploads\/2025\/06\/alvarinho-1024x576.jpeg","datePublished":"2025-06-18T15:28:57+00:00","dateModified":"2025-06-27T09:17:14+00:00","breadcrumb":{"@id":"https:\/\/casadodesassossego.pt\/index.php\/moncao-melgaco-territorio-do-alvarinho\/#breadcrumb"},"inLanguage":"pt-PT","potentialAction":[{"@type":"ReadAction","target":["https:\/\/casadodesassossego.pt\/index.php\/moncao-melgaco-territorio-do-alvarinho\/"]}]},{"@type":"ImageObject","inLanguage":"pt-PT","@id":"https:\/\/casadodesassossego.pt\/index.php\/moncao-melgaco-territorio-do-alvarinho\/#primaryimage","url":"https:\/\/casadodesassossego.pt\/wp-content\/uploads\/2025\/06\/alvarinho.jpeg","contentUrl":"https:\/\/casadodesassossego.pt\/wp-content\/uploads\/2025\/06\/alvarinho.jpeg","width":1125,"height":633},{"@type":"BreadcrumbList","@id":"https:\/\/casadodesassossego.pt\/index.php\/moncao-melgaco-territorio-do-alvarinho\/#breadcrumb","itemListElement":[{"@type":"ListItem","position":1,"name":"Home","item":"https:\/\/casadodesassossego.pt\/"},{"@type":"ListItem","position":2,"name":"Mon\u00e7\u00e3o &amp; Melga\u00e7o | Territ\u00f3rio do Alvarinho"}]},{"@type":"WebSite","@id":"https:\/\/casadodesassossego.pt\/#website","url":"https:\/\/casadodesassossego.pt\/","name":"","description":"","potentialAction":[{"@type":"SearchAction","target":{"@type":"EntryPoint","urlTemplate":"https:\/\/casadodesassossego.pt\/?s={search_term_string}"},"query-input":{"@type":"PropertyValueSpecification","valueRequired":true,"valueName":"search_term_string"}}],"inLanguage":"pt-PT"}]}},"_links":{"self":[{"href":"https:\/\/casadodesassossego.pt\/index.php\/wp-json\/wp\/v2\/pages\/633","targetHints":{"allow":["GET"]}}],"collection":[{"href":"https:\/\/casadodesassossego.pt\/index.php\/wp-json\/wp\/v2\/pages"}],"about":[{"href":"https:\/\/casadodesassossego.pt\/index.php\/wp-json\/wp\/v2\/types\/page"}],"author":[{"embeddable":true,"href":"https:\/\/casadodesassossego.pt\/index.php\/wp-json\/wp\/v2\/users\/1"}],"replies":[{"embeddable":true,"href":"https:\/\/casadodesassossego.pt\/index.php\/wp-json\/wp\/v2\/comments?post=633"}],"version-history":[{"count":3,"href":"https:\/\/casadodesassossego.pt\/index.php\/wp-json\/wp\/v2\/pages\/633\/revisions"}],"predecessor-version":[{"id":750,"href":"https:\/\/casadodesassossego.pt\/index.php\/wp-json\/wp\/v2\/pages\/633\/revisions\/750"}],"wp:attachment":[{"href":"https:\/\/casadodesassossego.pt\/index.php\/wp-json\/wp\/v2\/media?parent=633"}],"curies":[{"name":"wp","href":"https:\/\/api.w.org\/{rel}","templated":true}]}}