{"id":70,"date":"2025-04-09T18:01:19","date_gmt":"2025-04-09T18:01:19","guid":{"rendered":"http:\/\/casadodesassossego.pt\/?page_id=70"},"modified":"2026-02-06T16:04:23","modified_gmt":"2026-02-06T16:04:23","slug":"acomodacoes-2","status":"publish","type":"page","link":"https:\/\/casadodesassossego.pt\/index.php\/acomodacoes-2\/","title":{"rendered":""},"content":{"rendered":"\t\t<div data-elementor-type=\"wp-page\" data-elementor-id=\"70\" class=\"elementor elementor-70\">\n\t\t\t\t<div class=\"elementor-element elementor-element-f7694d1 e-flex e-con-boxed e-con e-parent\" data-id=\"f7694d1\" data-element_type=\"container\" data-e-type=\"container\">\n\t\t\t\t\t<div class=\"e-con-inner\">\n\t\t\t\t<div class=\"elementor-element elementor-element-57f5fda elementor-widget elementor-widget-cs_divider\" data-id=\"57f5fda\" data-element_type=\"widget\" data-e-type=\"widget\" data-widget_type=\"cs_divider.default\">\n\t\t\t\t<div class=\"elementor-widget-container\">\n\t\t\t\t\t\n        <div class=\"cs-divider\">            <div class=\"cs-d-line\"><\/div>        <\/div>\t\t\t\t<\/div>\n\t\t\t\t<\/div>\n\t\t\t\t\t<\/div>\n\t\t\t\t<\/div>\n\t\t<div class=\"elementor-element elementor-element-c2e830e e-flex e-con-boxed e-con e-parent\" data-id=\"c2e830e\" data-element_type=\"container\" data-e-type=\"container\">\n\t\t\t\t\t<div class=\"e-con-inner\">\n\t\t\t\t<div class=\"elementor-element elementor-element-f9752c0 elementor-widget elementor-widget-cs_rooms\" data-id=\"f9752c0\" data-element_type=\"widget\" data-e-type=\"widget\" data-widget_type=\"cs_rooms.default\">\n\t\t\t\t<div class=\"elementor-widget-container\">\n\t\t\t\t\t                    <div class=\"posts cs-rooms layout-list img-ratio-3-2\">\n                        <div class=\"posts-wrapper cs-rooms-wrapper\">\n    <div class=\"post cs-room-item has-post-thumbnail\">            <div class=\"featured-img\">\n                <a href=\"https:\/\/casadodesassossego.pt\/index.php\/room\/casa-do-desassossego-2\/\" aria-label=\"Room Featured Image\"><img fetchpriority=\"high\" decoding=\"async\" width=\"780\" height=\"520\" src=\"https:\/\/casadodesassossego.pt\/wp-content\/uploads\/2025\/05\/IMG-20250516-WA0095.jpeg\" class=\"attachment-cozystay_780x9999 size-cozystay_780x9999\" alt=\"\" srcset=\"https:\/\/casadodesassossego.pt\/wp-content\/uploads\/2025\/05\/IMG-20250516-WA0095.jpeg 1600w, https:\/\/casadodesassossego.pt\/wp-content\/uploads\/2025\/05\/IMG-20250516-WA0095-150x100.jpeg 150w, https:\/\/casadodesassossego.pt\/wp-content\/uploads\/2025\/05\/IMG-20250516-WA0095-600x400.jpeg 600w\" sizes=\"(max-width: 780px) 100vw, 780px\" \/>                <\/a>            <\/div>\n        <div class=\"post-content cs-room-content\">\n            <header class=\"post-header item-header\">                <h2 class=\"post-title item-title\">\n                    <a href=\"https:\/\/casadodesassossego.pt\/index.php\/room\/casa-do-desassossego-2\/\">Casa do Desassossego<\/a>\n                <\/h2>            <\/header>                <div class=\"post-excerpt item-excerpt\"><p>Pensado para momentos inesquec\u00edveis em fam\u00edlia, oferece espa\u00e7o extra, camas confort\u00e1veis e estrutura completa para crian\u00e7as e adultos. Pre\u00e7os sob consulta Fa\u00e7a sua reserva aqui &#8230;<\/p>\n<\/div>                <footer class=\"post-footer item-footer\">\n                    <div class=\"more-btn\">\n                        <a class=\"read-more-btn button cs-btn-underline\" href=\"https:\/\/casadodesassossego.pt\/index.php\/room\/casa-do-desassossego-2\/\">\n                            <span>Descubra Mais<\/span>\n                        <\/a>\n                    <\/div>\n                <\/footer>        <\/div>\n    <\/div>\n\n    <div class=\"post cs-room-item has-post-thumbnail\">            <div class=\"featured-img\">\n                <a href=\"https:\/\/casadodesassossego.pt\/index.php\/room\/quarto-camilo-castelo-branco\/\" aria-label=\"Room Featured Image\"><img decoding=\"async\" width=\"600\" height=\"408\" src=\"https:\/\/casadodesassossego.pt\/wp-content\/uploads\/2025\/04\/Camilo_Galeria_3-600x408-1.jpg\" class=\"attachment-cozystay_780x9999 size-cozystay_780x9999\" alt=\"\" srcset=\"https:\/\/casadodesassossego.pt\/wp-content\/uploads\/2025\/04\/Camilo_Galeria_3-600x408-1.jpg 600w, https:\/\/casadodesassossego.pt\/wp-content\/uploads\/2025\/04\/Camilo_Galeria_3-600x408-1-150x102.jpg 150w\" sizes=\"(max-width: 600px) 100vw, 600px\" \/>                <\/a>            <\/div>\n        <div class=\"post-content cs-room-content\">\n            <header class=\"post-header item-header\">                <h2 class=\"post-title item-title\">\n                    <a href=\"https:\/\/casadodesassossego.pt\/index.php\/room\/quarto-camilo-castelo-branco\/\">Quarto Camilo Castelo Branco<\/a>\n                <\/h2>            <\/header>                <div class=\"post-excerpt item-excerpt\"><p>Pensado para momentos inesquec\u00edveis em fam\u00edlia, oferece espa\u00e7o extra, camas confort\u00e1veis e estrutura completa para crian\u00e7as e adultos. A partir de: 70 \u20ac Fa\u00e7a sua &#8230;<\/p>\n<\/div>                <footer class=\"post-footer item-footer\">\n                    <div class=\"more-btn\">\n                        <a class=\"read-more-btn button cs-btn-underline\" href=\"https:\/\/casadodesassossego.pt\/index.php\/room\/quarto-camilo-castelo-branco\/\">\n                            <span>Descubra Mais<\/span>\n                        <\/a>\n                    <\/div>\n                <\/footer>        <\/div>\n    <\/div>\n\n    <div class=\"post cs-room-item has-post-thumbnail\">            <div class=\"featured-img\">\n                <a href=\"https:\/\/casadodesassossego.pt\/index.php\/room\/quarto-luis-de-camoes\/\" aria-label=\"Room Featured Image\"><img decoding=\"async\" width=\"780\" height=\"520\" src=\"https:\/\/casadodesassossego.pt\/wp-content\/uploads\/2025\/04\/20-1.jpg\" class=\"attachment-cozystay_780x9999 size-cozystay_780x9999\" alt=\"\" srcset=\"https:\/\/casadodesassossego.pt\/wp-content\/uploads\/2025\/04\/20-1.jpg 2048w, https:\/\/casadodesassossego.pt\/wp-content\/uploads\/2025\/04\/20-1-150x100.jpg 150w, https:\/\/casadodesassossego.pt\/wp-content\/uploads\/2025\/04\/20-1-600x400.jpg 600w\" sizes=\"(max-width: 780px) 100vw, 780px\" \/>                <\/a>            <\/div>\n        <div class=\"post-content cs-room-content\">\n            <header class=\"post-header item-header\">                <h2 class=\"post-title item-title\">\n                    <a href=\"https:\/\/casadodesassossego.pt\/index.php\/room\/quarto-luis-de-camoes\/\">Quarto Lu\u00eds de Cam\u00f5es<\/a>\n                <\/h2>            <\/header>                <div class=\"post-excerpt item-excerpt\"><p>Desfrute de conforto e eleg\u00e2ncia em um ambiente espa\u00e7oso, com cama king size, decora\u00e7\u00e3o moderna e varanda privativa com vista deslumbrante. A partir de: 70 &#8230;<\/p>\n<\/div>                <footer class=\"post-footer item-footer\">\n                    <div class=\"more-btn\">\n                        <a class=\"read-more-btn button cs-btn-underline\" href=\"https:\/\/casadodesassossego.pt\/index.php\/room\/quarto-luis-de-camoes\/\">\n                            <span>Descubra Mais<\/span>\n                        <\/a>\n                    <\/div>\n                <\/footer>        <\/div>\n    <\/div>\n\n    <div class=\"post cs-room-item has-post-thumbnail\">            <div class=\"featured-img\">\n                <a href=\"https:\/\/casadodesassossego.pt\/index.php\/room\/quarto-florbela-espanca\/\" aria-label=\"Room Featured Image\"><img loading=\"lazy\" decoding=\"async\" width=\"780\" height=\"520\" src=\"https:\/\/casadodesassossego.pt\/wp-content\/uploads\/2025\/05\/24.jpg\" class=\"attachment-cozystay_780x9999 size-cozystay_780x9999\" alt=\"\" srcset=\"https:\/\/casadodesassossego.pt\/wp-content\/uploads\/2025\/05\/24.jpg 2048w, https:\/\/casadodesassossego.pt\/wp-content\/uploads\/2025\/05\/24-150x100.jpg 150w, https:\/\/casadodesassossego.pt\/wp-content\/uploads\/2025\/05\/24-600x400.jpg 600w\" sizes=\"(max-width: 780px) 100vw, 780px\" \/>                <\/a>            <\/div>\n        <div class=\"post-content cs-room-content\">\n            <header class=\"post-header item-header\">                <h2 class=\"post-title item-title\">\n                    <a href=\"https:\/\/casadodesassossego.pt\/index.php\/room\/quarto-florbela-espanca\/\">Quarto Florbela Espanca<\/a>\n                <\/h2>            <\/header>                <div class=\"post-excerpt item-excerpt\"><p>Praticidade e aconchego em um espa\u00e7o funcional, equipado com tudo que voc\u00ea precisa para uma estadia confort\u00e1vel. A partir de: 70 \u20ac Fa\u00e7a sua reserva &#8230;<\/p>\n<\/div>                <footer class=\"post-footer item-footer\">\n                    <div class=\"more-btn\">\n                        <a class=\"read-more-btn button cs-btn-underline\" href=\"https:\/\/casadodesassossego.pt\/index.php\/room\/quarto-florbela-espanca\/\">\n                            <span>Descubra Mais<\/span>\n                        <\/a>\n                    <\/div>\n                <\/footer>        <\/div>\n    <\/div>\n\n    <div class=\"post cs-room-item has-post-thumbnail\">            <div class=\"featured-img\">\n                <a href=\"https:\/\/casadodesassossego.pt\/index.php\/room\/quarto-fernando-pessoa\/\" aria-label=\"Room Featured Image\"><img loading=\"lazy\" decoding=\"async\" width=\"780\" height=\"520\" src=\"https:\/\/casadodesassossego.pt\/wp-content\/uploads\/2025\/05\/IMG-20250516-WA0109.jpg\" class=\"attachment-cozystay_780x9999 size-cozystay_780x9999\" alt=\"\" srcset=\"https:\/\/casadodesassossego.pt\/wp-content\/uploads\/2025\/05\/IMG-20250516-WA0109.jpg 1600w, https:\/\/casadodesassossego.pt\/wp-content\/uploads\/2025\/05\/IMG-20250516-WA0109-150x100.jpg 150w, https:\/\/casadodesassossego.pt\/wp-content\/uploads\/2025\/05\/IMG-20250516-WA0109-600x400.jpg 600w\" sizes=\"(max-width: 780px) 100vw, 780px\" \/>                <\/a>            <\/div>\n        <div class=\"post-content cs-room-content\">\n            <header class=\"post-header item-header\">                <h2 class=\"post-title item-title\">\n                    <a href=\"https:\/\/casadodesassossego.pt\/index.php\/room\/quarto-fernando-pessoa\/\">Quarto Fernando Pessoa<\/a>\n                <\/h2>            <\/header>                <div class=\"post-excerpt item-excerpt\"><p>O equil\u00edbrio perfeito entre luxo e bem-estar: su\u00edte ampla, ilumina\u00e7\u00e3o suave e detalhes que fazem a diferen\u00e7a. A partir de: 70 \u20ac Fa\u00e7a sua reserva &#8230;<\/p>\n<\/div>                <footer class=\"post-footer item-footer\">\n                    <div class=\"more-btn\">\n                        <a class=\"read-more-btn button cs-btn-underline\" href=\"https:\/\/casadodesassossego.pt\/index.php\/room\/quarto-fernando-pessoa\/\">\n                            <span>Descubra Mais<\/span>\n                        <\/a>\n                    <\/div>\n                <\/footer>        <\/div>\n    <\/div>\n\n    <div class=\"post cs-room-item has-post-thumbnail\">            <div class=\"featured-img\">\n                <a href=\"https:\/\/casadodesassossego.pt\/index.php\/room\/quarto-eugenio-de-andrade\/\" aria-label=\"Room Featured Image\"><img loading=\"lazy\" decoding=\"async\" width=\"780\" height=\"520\" src=\"https:\/\/casadodesassossego.pt\/wp-content\/uploads\/2025\/05\/15.jpg\" class=\"attachment-cozystay_780x9999 size-cozystay_780x9999\" alt=\"\" srcset=\"https:\/\/casadodesassossego.pt\/wp-content\/uploads\/2025\/05\/15.jpg 2048w, https:\/\/casadodesassossego.pt\/wp-content\/uploads\/2025\/05\/15-150x100.jpg 150w, https:\/\/casadodesassossego.pt\/wp-content\/uploads\/2025\/05\/15-600x400.jpg 600w\" sizes=\"(max-width: 780px) 100vw, 780px\" \/>                <\/a>            <\/div>\n        <div class=\"post-content cs-room-content\">\n            <header class=\"post-header item-header\">                <h2 class=\"post-title item-title\">\n                    <a href=\"https:\/\/casadodesassossego.pt\/index.php\/room\/quarto-eugenio-de-andrade\/\">Quarto Eug\u00eanio de Andrade<\/a>\n                <\/h2>            <\/header>                <div class=\"post-excerpt item-excerpt\"><p>Desperte rodeado pela beleza das montanhas. Um espa\u00e7o acolhedor, com decora\u00e7\u00e3o que harmoniza conforto e natureza para dias de puro sossego. A partir de: 70 &#8230;<\/p>\n<\/div>                <footer class=\"post-footer item-footer\">\n                    <div class=\"more-btn\">\n                        <a class=\"read-more-btn button cs-btn-underline\" href=\"https:\/\/casadodesassossego.pt\/index.php\/room\/quarto-eugenio-de-andrade\/\">\n                            <span>Descubra Mais<\/span>\n                        <\/a>\n                    <\/div>\n                <\/footer>        <\/div>\n    <\/div>\n\n    <div class=\"post cs-room-item has-post-thumbnail\">            <div class=\"featured-img\">\n                <a href=\"https:\/\/casadodesassossego.pt\/index.php\/room\/quarto-eca-de-queiros-casa-do-desassossego\/\" aria-label=\"Room Featured Image\"><img loading=\"lazy\" decoding=\"async\" width=\"780\" height=\"520\" src=\"https:\/\/casadodesassossego.pt\/wp-content\/uploads\/2025\/05\/37.jpg\" class=\"attachment-cozystay_780x9999 size-cozystay_780x9999\" alt=\"\" srcset=\"https:\/\/casadodesassossego.pt\/wp-content\/uploads\/2025\/05\/37.jpg 2048w, https:\/\/casadodesassossego.pt\/wp-content\/uploads\/2025\/05\/37-150x100.jpg 150w, https:\/\/casadodesassossego.pt\/wp-content\/uploads\/2025\/05\/37-600x400.jpg 600w\" sizes=\"(max-width: 780px) 100vw, 780px\" \/>                <\/a>            <\/div>\n        <div class=\"post-content cs-room-content\">\n            <header class=\"post-header item-header\">                <h2 class=\"post-title item-title\">\n                    <a href=\"https:\/\/casadodesassossego.pt\/index.php\/room\/quarto-eca-de-queiros-casa-do-desassossego\/\">Quarto E\u00e7a de Queir\u00f3s<\/a>\n                <\/h2>            <\/header>                <div class=\"post-excerpt item-excerpt\"><p>Ideal para quem busca tranquilidade: quarto com vista para um charmoso jardim, perfeito para momentos de relaxamento e contato com a natureza. A partir de: &#8230;<\/p>\n<\/div>                <footer class=\"post-footer item-footer\">\n                    <div class=\"more-btn\">\n                        <a class=\"read-more-btn button cs-btn-underline\" href=\"https:\/\/casadodesassossego.pt\/index.php\/room\/quarto-eca-de-queiros-casa-do-desassossego\/\">\n                            <span>Descubra Mais<\/span>\n                        <\/a>\n                    <\/div>\n                <\/footer>        <\/div>\n    <\/div>\n                        <\/div>                    <\/div>\t\t\t\t<\/div>\n\t\t\t\t<\/div>\n\t\t\t\t\t<\/div>\n\t\t\t\t<\/div>\n\t\t\t\t<\/div>\n\t\t","protected":false},"excerpt":{"rendered":"<p>Casa do Desassossego Pensado para momentos inesquec\u00edveis em fam\u00edlia, oferece espa\u00e7o extra, camas confort\u00e1veis e estrutura completa para crian\u00e7as e adultos. Pre\u00e7os sob consulta Fa\u00e7a sua reserva aqui &#8230; Descubra Mais Quarto Camilo Castelo Branco Pensado para momentos inesquec\u00edveis em fam\u00edlia, oferece espa\u00e7o extra, camas confort\u00e1veis e estrutura completa para crian\u00e7as e adultos. A partir &#8230;<\/p>\n","protected":false},"author":1,"featured_media":0,"parent":0,"menu_order":0,"comment_status":"closed","ping_status":"closed","template":"","meta":{"_glsr_average":0,"_glsr_ranking":0,"_glsr_reviews":0,"cozystay_single_page_hide_site_header":"","cozystay_single_page_site_header_source":"","cozystay_single_page_custom_site_header":"0","cozystay_single_page_custom_sticky_site_header":"0","cozystay_single_page_hide_page_title":"","cozystay_single_page_header_section_size":"","cozystay_single_page_header_background_color":"","cozystay_single_page_header_background_position_x":"center","cozystay_single_page_header_background_position_y":"center","cozystay_single_page_header_background_size":"cover","cozystay_single_page_header_background_repeat":"off","cozystay_single_page_header_background_scroll":"on","cozystay_single_page_header_text_color":"","cozystay_single_page_header_show_breadcrumb":"","cozystay_single_page_site_footer_hide_main":"","cozystay_single_custom_site_footer_main_source":"","cozystay_single_custom_site_footer_main":"0","cozystay_single_page_site_footer_hide_above":"","cozystay_single_custom_site_footer_above_source":"","cozystay_single_custom_site_footer_above":"0","cozystay_single_page_site_footer_hide_instagram":"","cozystay_single_page_site_footer_hide_bottom":"","cozystay_single_custom_mobile_menu_source":"","cozystay_single_custom_mobile_menu":"0","cozystay_single_custom_mobile_menu_animation":"","cozystay_single_custom_mobile_menu_width":"","cozystay_single_custom_mobile_menu_custom_width":375,"footnotes":""},"class_list":["post-70","page","type-page","status-publish","hentry"],"yoast_head":"<!-- This site is optimized with the Yoast SEO plugin v27.4 - https:\/\/yoast.com\/product\/yoast-seo-wordpress\/ -->\n<title>-<\/title>\n<meta name=\"robots\" content=\"index, follow, max-snippet:-1, max-image-preview:large, max-video-preview:-1\" \/>\n<link rel=\"canonical\" href=\"https:\/\/casadodesassossego.pt\/index.php\/acomodacoes-2\/\" \/>\n<meta property=\"og:locale\" content=\"pt_PT\" \/>\n<meta property=\"og:type\" content=\"article\" \/>\n<meta property=\"og:title\" content=\"-\" \/>\n<meta property=\"og:description\" content=\"Casa do Desassossego Pensado para momentos inesquec\u00edveis em fam\u00edlia, oferece espa\u00e7o extra, camas confort\u00e1veis e estrutura completa para crian\u00e7as e adultos. Pre\u00e7os sob consulta Fa\u00e7a sua reserva aqui &#8230; Descubra Mais Quarto Camilo Castelo Branco Pensado para momentos inesquec\u00edveis em fam\u00edlia, oferece espa\u00e7o extra, camas confort\u00e1veis e estrutura completa para crian\u00e7as e adultos. A partir ...\" \/>\n<meta property=\"og:url\" content=\"https:\/\/casadodesassossego.pt\/index.php\/acomodacoes-2\/\" \/>\n<meta property=\"article:modified_time\" content=\"2026-02-06T16:04:23+00:00\" \/>\n<meta property=\"og:image\" content=\"http:\/\/casadodesassossego.pt\/wp-content\/uploads\/2025\/05\/IMG-20250516-WA0095.jpeg\" \/>\n<meta name=\"twitter:card\" content=\"summary_large_image\" \/>\n<meta name=\"twitter:label1\" content=\"Tempo estimado de leitura\" \/>\n\t<meta name=\"twitter:data1\" content=\"3 minutos\" \/>\n<script type=\"application\/ld+json\" class=\"yoast-schema-graph\">{\"@context\":\"https:\\\/\\\/schema.org\",\"@graph\":[{\"@type\":\"WebPage\",\"@id\":\"https:\\\/\\\/casadodesassossego.pt\\\/index.php\\\/acomodacoes-2\\\/\",\"url\":\"https:\\\/\\\/casadodesassossego.pt\\\/index.php\\\/acomodacoes-2\\\/\",\"name\":\"-\",\"isPartOf\":{\"@id\":\"https:\\\/\\\/casadodesassossego.pt\\\/#website\"},\"primaryImageOfPage\":{\"@id\":\"https:\\\/\\\/casadodesassossego.pt\\\/index.php\\\/acomodacoes-2\\\/#primaryimage\"},\"image\":{\"@id\":\"https:\\\/\\\/casadodesassossego.pt\\\/index.php\\\/acomodacoes-2\\\/#primaryimage\"},\"thumbnailUrl\":\"http:\\\/\\\/casadodesassossego.pt\\\/wp-content\\\/uploads\\\/2025\\\/05\\\/IMG-20250516-WA0095.jpeg\",\"datePublished\":\"2025-04-09T18:01:19+00:00\",\"dateModified\":\"2026-02-06T16:04:23+00:00\",\"inLanguage\":\"pt-PT\",\"potentialAction\":[{\"@type\":\"ReadAction\",\"target\":[\"https:\\\/\\\/casadodesassossego.pt\\\/index.php\\\/acomodacoes-2\\\/\"]}]},{\"@type\":\"ImageObject\",\"inLanguage\":\"pt-PT\",\"@id\":\"https:\\\/\\\/casadodesassossego.pt\\\/index.php\\\/acomodacoes-2\\\/#primaryimage\",\"url\":\"https:\\\/\\\/casadodesassossego.pt\\\/wp-content\\\/uploads\\\/2025\\\/05\\\/IMG-20250516-WA0095.jpeg\",\"contentUrl\":\"https:\\\/\\\/casadodesassossego.pt\\\/wp-content\\\/uploads\\\/2025\\\/05\\\/IMG-20250516-WA0095.jpeg\",\"width\":1600,\"height\":1067},{\"@type\":\"WebSite\",\"@id\":\"https:\\\/\\\/casadodesassossego.pt\\\/#website\",\"url\":\"https:\\\/\\\/casadodesassossego.pt\\\/\",\"name\":\"\",\"description\":\"\",\"potentialAction\":[{\"@type\":\"SearchAction\",\"target\":{\"@type\":\"EntryPoint\",\"urlTemplate\":\"https:\\\/\\\/casadodesassossego.pt\\\/?s={search_term_string}\"},\"query-input\":{\"@type\":\"PropertyValueSpecification\",\"valueRequired\":true,\"valueName\":\"search_term_string\"}}],\"inLanguage\":\"pt-PT\"}]}<\/script>\n<!-- \/ Yoast SEO plugin. -->","yoast_head_json":{"title":"-","robots":{"index":"index","follow":"follow","max-snippet":"max-snippet:-1","max-image-preview":"max-image-preview:large","max-video-preview":"max-video-preview:-1"},"canonical":"https:\/\/casadodesassossego.pt\/index.php\/acomodacoes-2\/","og_locale":"pt_PT","og_type":"article","og_title":"-","og_description":"Casa do Desassossego Pensado para momentos inesquec\u00edveis em fam\u00edlia, oferece espa\u00e7o extra, camas confort\u00e1veis e estrutura completa para crian\u00e7as e adultos. Pre\u00e7os sob consulta Fa\u00e7a sua reserva aqui &#8230; Descubra Mais Quarto Camilo Castelo Branco Pensado para momentos inesquec\u00edveis em fam\u00edlia, oferece espa\u00e7o extra, camas confort\u00e1veis e estrutura completa para crian\u00e7as e adultos. A partir ...","og_url":"https:\/\/casadodesassossego.pt\/index.php\/acomodacoes-2\/","article_modified_time":"2026-02-06T16:04:23+00:00","og_image":[{"url":"http:\/\/casadodesassossego.pt\/wp-content\/uploads\/2025\/05\/IMG-20250516-WA0095.jpeg","type":"","width":"","height":""}],"twitter_card":"summary_large_image","twitter_misc":{"Tempo estimado de leitura":"3 minutos"},"schema":{"@context":"https:\/\/schema.org","@graph":[{"@type":"WebPage","@id":"https:\/\/casadodesassossego.pt\/index.php\/acomodacoes-2\/","url":"https:\/\/casadodesassossego.pt\/index.php\/acomodacoes-2\/","name":"-","isPartOf":{"@id":"https:\/\/casadodesassossego.pt\/#website"},"primaryImageOfPage":{"@id":"https:\/\/casadodesassossego.pt\/index.php\/acomodacoes-2\/#primaryimage"},"image":{"@id":"https:\/\/casadodesassossego.pt\/index.php\/acomodacoes-2\/#primaryimage"},"thumbnailUrl":"http:\/\/casadodesassossego.pt\/wp-content\/uploads\/2025\/05\/IMG-20250516-WA0095.jpeg","datePublished":"2025-04-09T18:01:19+00:00","dateModified":"2026-02-06T16:04:23+00:00","inLanguage":"pt-PT","potentialAction":[{"@type":"ReadAction","target":["https:\/\/casadodesassossego.pt\/index.php\/acomodacoes-2\/"]}]},{"@type":"ImageObject","inLanguage":"pt-PT","@id":"https:\/\/casadodesassossego.pt\/index.php\/acomodacoes-2\/#primaryimage","url":"https:\/\/casadodesassossego.pt\/wp-content\/uploads\/2025\/05\/IMG-20250516-WA0095.jpeg","contentUrl":"https:\/\/casadodesassossego.pt\/wp-content\/uploads\/2025\/05\/IMG-20250516-WA0095.jpeg","width":1600,"height":1067},{"@type":"WebSite","@id":"https:\/\/casadodesassossego.pt\/#website","url":"https:\/\/casadodesassossego.pt\/","name":"","description":"","potentialAction":[{"@type":"SearchAction","target":{"@type":"EntryPoint","urlTemplate":"https:\/\/casadodesassossego.pt\/?s={search_term_string}"},"query-input":{"@type":"PropertyValueSpecification","valueRequired":true,"valueName":"search_term_string"}}],"inLanguage":"pt-PT"}]}},"_links":{"self":[{"href":"https:\/\/casadodesassossego.pt\/index.php\/wp-json\/wp\/v2\/pages\/70","targetHints":{"allow":["GET"]}}],"collection":[{"href":"https:\/\/casadodesassossego.pt\/index.php\/wp-json\/wp\/v2\/pages"}],"about":[{"href":"https:\/\/casadodesassossego.pt\/index.php\/wp-json\/wp\/v2\/types\/page"}],"author":[{"embeddable":true,"href":"https:\/\/casadodesassossego.pt\/index.php\/wp-json\/wp\/v2\/users\/1"}],"replies":[{"embeddable":true,"href":"https:\/\/casadodesassossego.pt\/index.php\/wp-json\/wp\/v2\/comments?post=70"}],"version-history":[{"count":71,"href":"https:\/\/casadodesassossego.pt\/index.php\/wp-json\/wp\/v2\/pages\/70\/revisions"}],"predecessor-version":[{"id":6897,"href":"https:\/\/casadodesassossego.pt\/index.php\/wp-json\/wp\/v2\/pages\/70\/revisions\/6897"}],"wp:attachment":[{"href":"https:\/\/casadodesassossego.pt\/index.php\/wp-json\/wp\/v2\/media?parent=70"}],"curies":[{"name":"wp","href":"https:\/\/api.w.org\/{rel}","templated":true}]}}